{"id":5,"date":"2018-09-28T22:28:29","date_gmt":"2018-09-28T20:28:29","guid":{"rendered":"http:\/\/malczyce.archidiecezja.wroc.pl\/?page_id=5"},"modified":"2024-09-14T21:42:09","modified_gmt":"2024-09-14T19:42:09","slug":"porzadek-mszy-swietych","status":"publish","type":"page","link":"http:\/\/www.malczyce.archidiecezja.wroc.pl\/?page_id=5","title":{"rendered":"Porz\u0105dek Mszy \u015awi\u0119tych"},"content":{"rendered":"<p><strong>NIEDZIELA:<\/strong><\/p>\n<ul>\n<li>08:00 &#8211; prymaria<\/li>\n<li>09:00 &#8211; Dom Opieki Spo\u0142ecznej<\/li>\n<li>10:30 &#8211; dla dzieci<\/li>\n<li>12:00 &#8211; suma<\/li>\n<li>18:00 &#8211; wieczorna<\/li>\n<\/ul>\n<p><strong>DNI POWSZEDNIE:<\/strong><\/p>\n<ul>\n<li>Od poniedzia\u0142ku do pi\u0105tku &#8211; 18:00<\/li>\n<li>Sobota (Msza \u015awi\u0119ta niedzielna) &#8211; 18:00<\/li>\n<\/ul>\n","protected":false},"excerpt":{"rendered":"<p>NIEDZIELA: 08:00 &#8211; prymaria 09:00 &#8211; Dom Opieki Spo\u0142ecznej 10:30 &#8211; dla dzieci 12:00 &#8211; suma 18:00 &#8211; wieczorna DNI POWSZEDNIE: Od poniedzia\u0142ku do pi\u0105tku &#8211; 18:00 Sobota (Msza \u015awi\u0119ta niedzielna) &#8211; 18:00<\/p>\n","protected":false},"author":1,"featured_media":0,"parent":0,"menu_order":0,"comment_status":"closed","ping_status":"closed","template":"","meta":[],"_links":{"self":[{"href":"http:\/\/www.malczyce.archidiecezja.wroc.pl\/index.php?rest_route=\/wp\/v2\/pages\/5"}],"collection":[{"href":"http:\/\/www.malczyce.archidiecezja.wroc.pl\/index.php?rest_route=\/wp\/v2\/pages"}],"about":[{"href":"http:\/\/www.malczyce.archidiecezja.wroc.pl\/index.php?rest_route=\/wp\/v2\/types\/page"}],"author":[{"embeddable":true,"href":"http:\/\/www.malczyce.archidiecezja.wroc.pl\/index.php?rest_route=\/wp\/v2\/users\/1"}],"replies":[{"embeddable":true,"href":"http:\/\/www.malczyce.archidiecezja.wroc.pl\/index.php?rest_route=%2Fwp%2Fv2%2Fcomments&post=5"}],"version-history":[{"count":7,"href":"http:\/\/www.malczyce.archidiecezja.wroc.pl\/index.php?rest_route=\/wp\/v2\/pages\/5\/revisions"}],"predecessor-version":[{"id":1160,"href":"http:\/\/www.malczyce.archidiecezja.wroc.pl\/index.php?rest_route=\/wp\/v2\/pages\/5\/revisions\/1160"}],"wp:attachment":[{"href":"http:\/\/www.malczyce.archidiecezja.wroc.pl\/index.php?rest_route=%2Fwp%2Fv2%2Fmedia&parent=5"}],"curies":[{"name":"wp","href":"https:\/\/api.w.org\/{rel}","templated":true}]}}