{"id":18,"date":"2018-09-28T22:35:00","date_gmt":"2018-09-28T20:35:00","guid":{"rendered":"http:\/\/malczyce.archidiecezja.wroc.pl\/?page_id=18"},"modified":"2023-11-05T21:08:44","modified_gmt":"2023-11-05T20:08:44","slug":"komunikaty-duszpasterskie","status":"publish","type":"page","link":"http:\/\/www.malczyce.archidiecezja.wroc.pl\/?page_id=18","title":{"rendered":"INFORMACJE PARAFIALNE"},"content":{"rendered":"<h2 style=\"text-align: center;\"><span style=\"color: #008000;\"><strong>XXXI Niedziela Zwyk\u0142a; 5 XI 2023 r.<\/strong><\/span><\/h2>\n<ul>\n<li>Dzi\u015b XXXI niedziela zwyk\u0142a, pierwsza miesi\u0105ca listopada. Po Mszy o g. 12:00 zmiana tajemnic \u017bywego R\u00f3\u017ca\u0144ca. Do \u015brody w\u0142\u0105cznie za pobo\u017cne nawiedzenie cmentarza mo\u017cna zyska\u0107 odpust zupe\u0142ny.<\/li>\n<li>Codziennie do 11 XI odprawiane s\u0105 wypominki. Plan wg ulic znajduje si\u0119 w przedsionku ko\u015bcio\u0142a. Na stoliku wy\u0142o\u017cone s\u0105 jeszcze karty wspominkowe, kt\u00f3re wype\u0142niwszy prosimy umieszcza\u0107 wy\u0142\u0105cznie w oznaczonej skrzyni w ko\u015bciele.<\/li>\n<li>11 XI (sobota) przypadnie 105 r. odzyskania niepodleg\u0142o\u015bci. <strong>Zapraszamy na okoliczno\u015bciow\u0105 Eucharysti\u0119 z udzia\u0142em poczt\u00f3w sztandarowych i orkiestry d\u0119tej o g. 14:00. <\/strong>Dalszy ci\u0105g uroczysto\u015bci: o 15:00 \u2013 pod obeliskiem, od 16:00 przemarsz do Domu Kultury, tam patriotyczne wyst\u0119py przygotowane przez Dzieci. Dla mieszka\u0144c\u00f3w wojskowa groch\u00f3wka i kie\u0142baski. W trakcie wyst\u0119p\u00f3w odb\u0119dzie si\u0119 zbi\u00f3rka charytatywna na leczenie chorego na nowotw\u00f3r ko\u015bci Damiana z Kwietna.<\/li>\n<li>Za tydzie\u0144 druga niedziela miesi\u0105ca, taca inwestycyjna.<\/li>\n<li>Dwa tygodnie temu liczono wiernych. Oto wyniki. We wszystkich Mszach \u015aw. \u0142\u0105cznie z pensjonariuszami \u201eCaritas\u201d uczestniczy\u0142o 379 os\u00f3b (225 kobiet i 154 m\u0119\u017cczyzn), jest to 12,5% zameldowanych os\u00f3b (wg danych z US \u015aroda \u015al. z dn 18 VII br \u2013 takich os\u00f3b jest 3.021). Z 379 os\u00f3b do komunii przyst\u0105pi\u0142o 214 os\u00f3b ( 144 kobiety i 70 m\u0119\u017cczyzn). to 56,5% uczestnik\u00f3w Mszy \u015aw. Procentowy udzia\u0142 przyjmuj\u0105cych komuni\u0119 \u015bw. jest na \u015brednim poziomie og\u00f3lnopolskim, niestety procentowy udzia\u0142 uczestnik\u00f3w eucharystii bardzo odbiega w naszej parafii od \u015bredniej wynosz\u0105cej ponad 30 procent dla Polski. Wnioski: ubywa wiernych ilo\u015bciowo, pozostaj\u0105cy s\u0105 w coraz to wi\u0119kszym \u015brednio wieku, co druga osoba przyst\u0119puje do Komunii \u015aw. Niestety przysz\u0142o\u015b\u0107 nie rysuje si\u0119 optymistycznie \u2013 likwidacje parafii, zmniejszanie si\u0119 ilo\u015bci duchownych, konieczno\u015b\u0107 wzi\u0119cia odpowiedzialno\u015bci za sprawy parafialne przez wiernych \u015bwieckich to ju\u017c sprawa najbli\u017cszych lat.<\/li>\n<li>Wszystkim parafianom i Go\u015bciom \u2013 \u017cyczymy b\u0142ogos\u0142awionej Niedzieli.<\/li>\n<\/ul>\n","protected":false},"excerpt":{"rendered":"<p>XXXI Niedziela Zwyk\u0142a; 5 XI 2023 r. Dzi\u015b XXXI niedziela zwyk\u0142a, pierwsza miesi\u0105ca listopada. Po Mszy o g. 12:00 zmiana tajemnic \u017bywego R\u00f3\u017ca\u0144ca. Do \u015brody w\u0142\u0105cznie za pobo\u017cne nawiedzenie cmentarza mo\u017cna zyska\u0107 odpust zupe\u0142ny. Codziennie do 11 XI odprawiane s\u0105 &hellip; <a href=\"http:\/\/www.malczyce.archidiecezja.wroc.pl\/?page_id=18\">Czytaj dalej <span class=\"meta-nav\">&rarr;<\/span><\/a><\/p>\n","protected":false},"author":1,"featured_media":0,"parent":0,"menu_order":0,"comment_status":"closed","ping_status":"closed","template":"","meta":[],"_links":{"self":[{"href":"http:\/\/www.malczyce.archidiecezja.wroc.pl\/index.php?rest_route=\/wp\/v2\/pages\/18"}],"collection":[{"href":"http:\/\/www.malczyce.archidiecezja.wroc.pl\/index.php?rest_route=\/wp\/v2\/pages"}],"about":[{"href":"http:\/\/www.malczyce.archidiecezja.wroc.pl\/index.php?rest_route=\/wp\/v2\/types\/page"}],"author":[{"embeddable":true,"href":"http:\/\/www.malczyce.archidiecezja.wroc.pl\/index.php?rest_route=\/wp\/v2\/users\/1"}],"replies":[{"embeddable":true,"href":"http:\/\/www.malczyce.archidiecezja.wroc.pl\/index.php?rest_route=%2Fwp%2Fv2%2Fcomments&post=18"}],"version-history":[{"count":216,"href":"http:\/\/www.malczyce.archidiecezja.wroc.pl\/index.php?rest_route=\/wp\/v2\/pages\/18\/revisions"}],"predecessor-version":[{"id":1355,"href":"http:\/\/www.malczyce.archidiecezja.wroc.pl\/index.php?rest_route=\/wp\/v2\/pages\/18\/revisions\/1355"}],"wp:attachment":[{"href":"http:\/\/www.malczyce.archidiecezja.wroc.pl\/index.php?rest_route=%2Fwp%2Fv2%2Fmedia&parent=18"}],"curies":[{"name":"wp","href":"https:\/\/api.w.org\/{rel}","templated":true}]}}