{"id":16,"date":"2025-11-15T22:34:00","date_gmt":"2025-11-15T21:34:00","guid":{"rendered":"http:\/\/malczyce.archidiecezja.wroc.pl\/?page_id=16"},"modified":"2025-11-16T17:56:36","modified_gmt":"2025-11-16T16:56:36","slug":"intence-parafialne","status":"publish","type":"page","link":"http:\/\/www.malczyce.archidiecezja.wroc.pl\/?page_id=16","title":{"rendered":"Intencje Parafialne"},"content":{"rendered":"<table width=\"741\">\n<tbody>\n<tr>\n<td colspan=\"2\" width=\"741\"><strong>XXXIII Niedziela Zwyk\u0142a\u00a0 16 listopada 2025r.<\/strong><\/td>\n<\/tr>\n<tr>\n<td width=\"64\"><strong>8:00<\/strong><\/td>\n<td width=\"678\">\u2020 Janina STASIEWICZ \u2013 9 rocz. \u015bm., \u2020 Piotr \u2020 Stanis\u0142aw(m) \u2020 W\u0142adys\u0142aw(m) \u2020 Jerzy<\/td>\n<\/tr>\n<tr>\n<td width=\"64\"><strong>9:30<\/strong> <strong>CARITAS<\/strong><\/td>\n<td width=\"678\"><\/td>\n<\/tr>\n<tr>\n<td width=\"64\"><strong>10:30<\/strong><\/td>\n<td width=\"678\">\u2020 Stanis\u0142awa(k) \u015aCIANA \u2013 5 rocz. \u015bm.<\/td>\n<\/tr>\n<tr>\n<td rowspan=\"2\" width=\"64\"><strong>12:00<\/strong><\/td>\n<td width=\"678\"><strong>1) <\/strong>Dz. b\u0142. w int. Micha\u0142a z racji 1 rocz. urodzin oraz w int. Marcela<\/td>\n<\/tr>\n<tr>\n<td width=\"678\"><strong>2) <\/strong>W int. wszystkich zmar\u0142ych polecanych w tegorocznych wypominkach<\/td>\n<\/tr>\n<tr>\n<td width=\"64\"><strong>18:00<\/strong><\/td>\n<td width=\"678\">W int. Anety z okazji rocznicy Chrztu \u015aw.<\/td>\n<\/tr>\n<tr>\n<td colspan=\"2\" width=\"741\"><strong>Poniedzia\u0142ek, 17.11.2025r. \u015bw. El\u017cbiety W\u0119gierskiej<\/strong><\/td>\n<\/tr>\n<tr>\n<td width=\"64\"><strong>18:00<\/strong><\/td>\n<td width=\"678\">\u2020 Ryszard STRZELCZYK \u2013 od uczestnik\u00f3w pogrzebu<\/td>\n<\/tr>\n<tr>\n<td colspan=\"2\" width=\"741\"><strong>Wtorek, 18.11.2025r.\u00a0 \u00a0b\u0142. Karoliny K\u00f3zk\u00f3wny<\/strong><\/td>\n<\/tr>\n<tr>\n<td width=\"64\"><strong>18:00<\/strong><\/td>\n<td width=\"678\">Dz. b\u0142. w int. Wojciecha STENNER z racji 10 rocz. urodzin<\/td>\n<\/tr>\n<tr>\n<td colspan=\"2\" width=\"741\"><strong>\u015aroda, 19.11.2025r.\u00a0 \u00a0 \u00a0 \u00a0 \u00a0 \u00a0 \u00a0 \u00a0 \u00a0\u00a0<\/strong><\/td>\n<\/tr>\n<tr>\n<td width=\"64\"><strong>18:00<\/strong><\/td>\n<td width=\"678\">\u2020 Anna KLUCZNIK<\/td>\n<\/tr>\n<tr>\n<td colspan=\"2\" width=\"741\"><strong>Czwartek, 20.11.2025r.\u00a0 \u015bw. Rafa\u0142a Kalinowskiego\u00a0\u00a0\u00a0 \u00a0\u00a0\u00a0\u00a0\u00a0\u00a0\u00a0\u00a0\u00a0<\/strong><\/td>\n<\/tr>\n<tr>\n<td rowspan=\"2\" width=\"64\"><strong>18:00<\/strong><\/td>\n<td width=\"678\"><strong>1)\u00a0\u00a0 <\/strong>\u00a0W int. Rodz. MILEJSKICH z racji peregrynacji obrazu M.B.<\/td>\n<\/tr>\n<tr>\n<td width=\"678\"><strong>2)\u00a0\u00a0 <\/strong>\u00a0Dz. b\u0142. w int. Ireny MOTYKA z racji 70 rocz. urodzin<\/td>\n<\/tr>\n<tr>\n<td colspan=\"2\" width=\"741\"><strong>Pi\u0105tek, 21.11.2025r.\u00a0 \u00a0Ofiarowanie N.M.P.<\/strong><\/td>\n<\/tr>\n<tr>\n<td rowspan=\"2\" width=\"64\"><strong>\u00a018:00<\/strong><\/td>\n<td width=\"678\"><strong>1) <\/strong>W int. Cecylii z racji imienin \u2013 int. od kole\u017canki<\/td>\n<\/tr>\n<tr>\n<td width=\"678\"><strong>2) <\/strong>W int. Rodz. CISZEWSKICH z racji peregrynacji obrazu M.B.<\/td>\n<\/tr>\n<tr>\n<td colspan=\"2\" width=\"741\"><strong>Sobota, 22.11.2025r.\u00a0 \u00a0 \u00a0\u015bw. Cecylii<\/strong><\/td>\n<\/tr>\n<tr>\n<td rowspan=\"2\" width=\"64\"><strong>18:00<\/strong><\/td>\n<td width=\"678\"><strong>1)\u00a0\u00a0 <\/strong>\u2020 Teresa KR\u00d3L<\/td>\n<\/tr>\n<tr>\n<td width=\"678\"><strong>2)\u00a0\u00a0 <\/strong>\u2020\u2020 Rodzice: \u2020 Anna i \u2020 Ferdynand WI\u015aNIEWSCY<\/td>\n<\/tr>\n<tr>\n<td colspan=\"2\" width=\"741\"><strong>Uroczysto\u015b\u0107 Jezusa Chrystusa Kr\u00f3la Wszech\u015bwiata\u00a0 \u00a0 23 listopada 2025r.<\/strong><\/td>\n<\/tr>\n<tr>\n<td width=\"64\"><strong>8:00<\/strong><\/td>\n<td width=\"678\">Dz. b\u0142. z racji 65 rocz. \u015blubu Anny i J\u00f3zefa NOWICKICH<\/td>\n<\/tr>\n<tr>\n<td width=\"64\"><strong>9:30<\/strong> <strong>CARITAS<\/strong><\/td>\n<td width=\"678\"><\/td>\n<\/tr>\n<tr>\n<td width=\"64\"><strong>10:30<\/strong><\/td>\n<td width=\"678\">Dz. b\u0142. z racji 1 rocz. urodzin Stanis\u0142awa(m) STRAUBE<\/td>\n<\/tr>\n<tr>\n<td rowspan=\"2\" width=\"64\"><strong>12:00<\/strong><\/td>\n<td width=\"678\"><strong>1) <\/strong>W int. Ch\u00f3ru Parafialnego \u201eMi\u0142o\u015bci Dwie\u201d w 20 rocz. istnienia<\/td>\n<\/tr>\n<tr>\n<td width=\"678\"><strong>2) <\/strong>\u2020 Maria MOHEIT vel MAKOWSKA \u2013 5 rocz. \u015bm., \u2020 Jan \u2020 Stanis\u0142awa(k)<\/td>\n<\/tr>\n<tr>\n<td width=\"64\"><strong>18.00<\/strong><\/td>\n<td width=\"678\">Dz. b\u0142. z racji 50 rocz. urodzin Krzysztofa GURGULA \u2013 int. od Rodzic\u00f3w<\/td>\n<\/tr>\n<\/tbody>\n<\/table>\n","protected":false},"excerpt":{"rendered":"<p>XXXIII Niedziela Zwyk\u0142a\u00a0 16 listopada 2025r. 8:00 \u2020 Janina STASIEWICZ \u2013 9 rocz. \u015bm., \u2020 Piotr \u2020 Stanis\u0142aw(m) \u2020 W\u0142adys\u0142aw(m) \u2020 Jerzy 9:30 CARITAS 10:30 \u2020 Stanis\u0142awa(k) \u015aCIANA \u2013 5 rocz. \u015bm. 12:00 1) Dz. b\u0142. w int. Micha\u0142a z &hellip; <a href=\"http:\/\/www.malczyce.archidiecezja.wroc.pl\/?page_id=16\">Czytaj dalej <span class=\"meta-nav\">&rarr;<\/span><\/a><\/p>\n","protected":false},"author":1,"featured_media":0,"parent":0,"menu_order":0,"comment_status":"closed","ping_status":"closed","template":"","meta":[],"_links":{"self":[{"href":"http:\/\/www.malczyce.archidiecezja.wroc.pl\/index.php?rest_route=\/wp\/v2\/pages\/16"}],"collection":[{"href":"http:\/\/www.malczyce.archidiecezja.wroc.pl\/index.php?rest_route=\/wp\/v2\/pages"}],"about":[{"href":"http:\/\/www.malczyce.archidiecezja.wroc.pl\/index.php?rest_route=\/wp\/v2\/types\/page"}],"author":[{"embeddable":true,"href":"http:\/\/www.malczyce.archidiecezja.wroc.pl\/index.php?rest_route=\/wp\/v2\/users\/1"}],"replies":[{"embeddable":true,"href":"http:\/\/www.malczyce.archidiecezja.wroc.pl\/index.php?rest_route=%2Fwp%2Fv2%2Fcomments&post=16"}],"version-history":[{"count":314,"href":"http:\/\/www.malczyce.archidiecezja.wroc.pl\/index.php?rest_route=\/wp\/v2\/pages\/16\/revisions"}],"predecessor-version":[{"id":1556,"href":"http:\/\/www.malczyce.archidiecezja.wroc.pl\/index.php?rest_route=\/wp\/v2\/pages\/16\/revisions\/1556"}],"wp:attachment":[{"href":"http:\/\/www.malczyce.archidiecezja.wroc.pl\/index.php?rest_route=%2Fwp%2Fv2%2Fmedia&parent=16"}],"curies":[{"name":"wp","href":"https:\/\/api.w.org\/{rel}","templated":true}]}}