{"id":13,"date":"2018-09-28T22:33:50","date_gmt":"2018-09-28T20:33:50","guid":{"rendered":"http:\/\/malczyce.archidiecezja.wroc.pl\/?page_id=13"},"modified":"2025-04-10T22:34:48","modified_gmt":"2025-04-10T20:34:48","slug":"kancelaria","status":"publish","type":"page","link":"http:\/\/www.malczyce.archidiecezja.wroc.pl\/?page_id=13","title":{"rendered":"Kancelaria"},"content":{"rendered":"<p>Kancelaria parafialna czynna jest od poniedzia\u0142ku do pi\u0105tku bezpo\u015brednio po Mszy \u015awi\u0119tej wieczornej.<\/p>\n\n\n<p>Malczyce<\/p>\n\n\n\n<p>Rzymskokatolicka parafia pw. Niepokalanego Pocz\u0119cia Naj\u015bwi\u0119tszej Maryi Panny<\/p>\n\n\n\n<p>ul. Mickiewicza 6b<\/p>\n\n\n\n<p>55-320 Malczyce<\/p>\n\n\n\n<p>tel: 71 317 92 17<\/p>\n\n\n\n<p>malczyce@archidiecezja.wroc.pl<\/p>\n","protected":false},"excerpt":{"rendered":"<p>Kancelaria parafialna czynna jest od poniedzia\u0142ku do pi\u0105tku bezpo\u015brednio po Mszy \u015awi\u0119tej wieczornej. Malczyce Rzymskokatolicka parafia pw. Niepokalanego Pocz\u0119cia Naj\u015bwi\u0119tszej Maryi Panny ul. Mickiewicza 6b 55-320 Malczyce tel: 71 317 92 17 malczyce@archidiecezja.wroc.pl<\/p>\n","protected":false},"author":1,"featured_media":0,"parent":0,"menu_order":0,"comment_status":"closed","ping_status":"closed","template":"","meta":[],"_links":{"self":[{"href":"http:\/\/www.malczyce.archidiecezja.wroc.pl\/index.php?rest_route=\/wp\/v2\/pages\/13"}],"collection":[{"href":"http:\/\/www.malczyce.archidiecezja.wroc.pl\/index.php?rest_route=\/wp\/v2\/pages"}],"about":[{"href":"http:\/\/www.malczyce.archidiecezja.wroc.pl\/index.php?rest_route=\/wp\/v2\/types\/page"}],"author":[{"embeddable":true,"href":"http:\/\/www.malczyce.archidiecezja.wroc.pl\/index.php?rest_route=\/wp\/v2\/users\/1"}],"replies":[{"embeddable":true,"href":"http:\/\/www.malczyce.archidiecezja.wroc.pl\/index.php?rest_route=%2Fwp%2Fv2%2Fcomments&post=13"}],"version-history":[{"count":10,"href":"http:\/\/www.malczyce.archidiecezja.wroc.pl\/index.php?rest_route=\/wp\/v2\/pages\/13\/revisions"}],"predecessor-version":[{"id":1393,"href":"http:\/\/www.malczyce.archidiecezja.wroc.pl\/index.php?rest_route=\/wp\/v2\/pages\/13\/revisions\/1393"}],"wp:attachment":[{"href":"http:\/\/www.malczyce.archidiecezja.wroc.pl\/index.php?rest_route=%2Fwp%2Fv2%2Fmedia&parent=13"}],"curies":[{"name":"wp","href":"https:\/\/api.w.org\/{rel}","templated":true}]}}